{"id":55,"date":"2018-05-06T00:28:54","date_gmt":"2018-05-06T00:28:54","guid":{"rendered":"https:\/\/rccoww.ca\/?page_id=55"},"modified":"2018-10-09T18:57:27","modified_gmt":"2018-10-09T18:57:27","slug":"why-join","status":"publish","type":"page","link":"https:\/\/rccoww.ca\/?page_id=55","title":{"rendered":"Why Join?"},"content":{"rendered":"<p>Benefits of joining the RCCO Waterloo-Wellington Centre:<\/p>\n<ul>\n<li>supporting an organization that supports students and young organists<\/li>\n<li>invitations to social events, musical events, and educational events<\/li>\n<li>connecting with other organists in the region<\/li>\n<li>access to job postings<\/li>\n<li>discounted registration for annual RCCO Organ Festival<\/li>\n<li>quarterly journal,\u00a0<em>Organ Canada<\/em><\/li>\n<li>special health insurance rates for arts workers<\/li>\n<li>discounted membership to American Guild of Organists\u00a0the F\u00e9d\u00e9ration Qu\u00e9b\u00e9coise des Amis de l\u2019Orgue<\/li>\n<li>discounted subscriptions to several international organ publications<\/li>\n<\/ul>\n<p>Join <a href=\"https:\/\/www.rcco.ca\/join-us\">here<\/a>!<\/p>\n","protected":false},"excerpt":{"rendered":"<p>Benefits of joining the RCCO Waterloo-Wellington Centre: supporting an organization that supports students and young organists invitations to social events, musical events, and educational events connecting with other organists in the region access to job postings discounted registration for annual&#8230; <a class=\"more-link\" href=\"https:\/\/rccoww.ca\/?page_id=55\">Continue Reading &rarr;<\/a><\/p>\n","protected":false},"author":1,"featured_media":0,"parent":0,"menu_order":5,"comment_status":"closed","ping_status":"closed","template":"template-nosidebar.php","meta":[],"_links":{"self":[{"href":"https:\/\/rccoww.ca\/index.php?rest_route=\/wp\/v2\/pages\/55"}],"collection":[{"href":"https:\/\/rccoww.ca\/index.php?rest_route=\/wp\/v2\/pages"}],"about":[{"href":"https:\/\/rccoww.ca\/index.php?rest_route=\/wp\/v2\/types\/page"}],"author":[{"embeddable":true,"href":"https:\/\/rccoww.ca\/index.php?rest_route=\/wp\/v2\/users\/1"}],"replies":[{"embeddable":true,"href":"https:\/\/rccoww.ca\/index.php?rest_route=%2Fwp%2Fv2%2Fcomments&post=55"}],"version-history":[{"count":3,"href":"https:\/\/rccoww.ca\/index.php?rest_route=\/wp\/v2\/pages\/55\/revisions"}],"predecessor-version":[{"id":81,"href":"https:\/\/rccoww.ca\/index.php?rest_route=\/wp\/v2\/pages\/55\/revisions\/81"}],"wp:attachment":[{"href":"https:\/\/rccoww.ca\/index.php?rest_route=%2Fwp%2Fv2%2Fmedia&parent=55"}],"curies":[{"name":"wp","href":"https:\/\/api.w.org\/{rel}","templated":true}]}}